{"id":27,"date":"2019-03-23T21:09:49","date_gmt":"2019-03-23T20:09:49","guid":{"rendered":"http:\/\/tulipanesdespreocupados.com\/?page_id=27"},"modified":"2019-04-18T12:01:04","modified_gmt":"2019-04-18T11:01:04","slug":"about-me","status":"publish","type":"page","link":"http:\/\/tulipanesdespreocupados.com\/?page_id=27","title":{"rendered":"About me"},"content":{"rendered":"\n<p>Little explanation <\/p>\n\n\n\n<figure class=\"wp-block-image\"><img loading=\"lazy\" decoding=\"async\" width=\"1024\" height=\"683\" src=\"http:\/\/tulipanesdespreocupados.com\/wp-content\/uploads\/2019\/03\/DSC_0250-1024x683.jpg\" alt=\"\" class=\"wp-image-68\" srcset=\"http:\/\/tulipanesdespreocupados.com\/wp-content\/uploads\/2019\/03\/DSC_0250-1024x683.jpg 1024w, http:\/\/tulipanesdespreocupados.com\/wp-content\/uploads\/2019\/03\/DSC_0250-300x200.jpg 300w, http:\/\/tulipanesdespreocupados.com\/wp-content\/uploads\/2019\/03\/DSC_0250-768x512.jpg 768w, http:\/\/tulipanesdespreocupados.com\/wp-content\/uploads\/2019\/03\/DSC_0250-820x547.jpg 820w\" sizes=\"auto, (max-width: 1024px) 100vw, 1024px\" \/><\/figure>\n\n\n\n<p style=\"text-align:left\">English: My name is Marianne L\u00f3pez Gri\u00f1\u00f3n Hakkoer, and I was born in Spain, but my current residence is in the Netherlands. My studies are related to political science, administration and law. Besides that, I have always been conected with the artistic world, in particular to writing and painting. Languages are my passion, but I am not subject matter expert; for this reason, I try to improve every year even deepening my mother tongue. However, I realized that the most important communication is the non-verbal, so that is why to keep a positive attitude is a priority for me.<\/p>\n\n\n\n<p class=\"has-text-color has-pale-pink-color\">Espa\u00f1ol: Me llamo Marianne L\u00f3pez Gri\u00f1\u00f3n Hakkoer y nac\u00ed en Espa\u00f1a, pero resido actualmente en Holanda. Mis estudios est\u00e1n relacionados con la politolog\u00eda, la administraci\u00f3n y el derecho. Adem\u00e1s de eso, siempre he estado vinculada al mundo art\u00edstico, en particular a la escritura y la pintura. Los idiomas son mi pasi\u00f3n, pero no soy catedr\u00e1tica de la lengua; Por ese motivo, trato de mejorar cada a\u00f1o incluso en mi lengua materna. Sin embargo, me he dado cuenta de que la comunicaci\u00f3n m\u00e1s importante es la no verbal, por eso mantener una actitud positiva es una de mis prioridades.<\/p>\n\n\n\n<p class=\"has-text-color has-vivid-green-cyan-color\">Nederlands: Mijn naam is Marianne L\u00f3pez Gri\u00f1\u00f3n Hakkoer. Ik ben in Spanje geboren, maar nu woon ik in Nederland. Mijn studies zijn gerelateerd aan politiek, administratie en recht. Tevens ben ik altijd verbonden geweest met kunst en cultuur, in het bijzonder met schrijven en schilderen. Talen zijn mijn passie, om deze reden ben ik constant aan het leren.  Echter, ik realiseer mij dat de belangrijkste communicatie non verbaal is, dus probeer ik een positieve houding te hebben.<\/p>\n\n\n\n<p class=\"has-text-color has-vivid-cyan-blue-color\">Deutsch: Mein Name ist Marianne L\u00f3pez Gri\u00f1\u00f3n Hakkoer. Ich bin in Spanien geboren. Mein Studiethema verbindet sich mit politischen Wissenschaften, Administration und Gesetzen. Neben dem Studium war ich schon immer mit der Welt der Kunst sowie dem Malen und dem schreiben verbunden. Meine Leidenschaft gilt den Sprachen was mich allerdings nicht zu einem Fachexperten macht; Aus diesem Grund, versuche ich mich jedes Jahr zu verbessern. Sogar in meiner Muttersprache. Ich habe gemerkt, dass die wichtigste Form der Kommunikation die nicht verbale Kommunikation ist, deshalb ist eine positiven Ausstrahlung etwas sehr wichtiges f\u00fcr mich.<\/p>\n\n\n\n<p class=\"has-text-color has-luminous-vivid-orange-color\">Valenci\u00e0:  S\u00f3c Marianne L\u00f3pez Gri\u00f1\u00f3n Hakkoer i vaig n\u00e9ixer a Espanya, per\u00f2 visc als Pa\u00efsos Baixos. Els meus estudis estan relacionats amb la ci\u00e8ncia pol\u00edtica, l&#8217;administraci\u00f3 i el dret. A m\u00e9s d&#8217;aix\u00f2, sempre he estat lligada al m\u00f3n art\u00edstic, en particular a l&#8217;escriptura i la pintura. M&#8217;apassionen els idiomes, per\u00f2 no s\u00f3c una acad\u00e8mica de la llengua; Per aquest motiu, intente millorar cada any fins i tot en la meua llengua materna. No obstant, em vaig adonar que la comunicaci\u00f3 m\u00e9s important \u00e9s la no verbal, per\u00f2 prove a tindre una actitud positiva en la vida.<\/p>\n","protected":false},"excerpt":{"rendered":"<p class=\"text-justify\">Little explanation English: My name is Marianne L\u00f3pez Gri\u00f1\u00f3n Hakkoer, and I was born in Spain, but my current residence is in [&hellip;]<\/p>\n","protected":false},"author":1,"featured_media":0,"parent":0,"menu_order":0,"comment_status":"closed","ping_status":"closed","template":"","meta":{"footnotes":""},"class_list":["post-27","page","type-page","status-publish","hentry"],"_links":{"self":[{"href":"http:\/\/tulipanesdespreocupados.com\/index.php?rest_route=\/wp\/v2\/pages\/27","targetHints":{"allow":["GET"]}}],"collection":[{"href":"http:\/\/tulipanesdespreocupados.com\/index.php?rest_route=\/wp\/v2\/pages"}],"about":[{"href":"http:\/\/tulipanesdespreocupados.com\/index.php?rest_route=\/wp\/v2\/types\/page"}],"author":[{"embeddable":true,"href":"http:\/\/tulipanesdespreocupados.com\/index.php?rest_route=\/wp\/v2\/users\/1"}],"replies":[{"embeddable":true,"href":"http:\/\/tulipanesdespreocupados.com\/index.php?rest_route=%2Fwp%2Fv2%2Fcomments&post=27"}],"version-history":[{"count":6,"href":"http:\/\/tulipanesdespreocupados.com\/index.php?rest_route=\/wp\/v2\/pages\/27\/revisions"}],"predecessor-version":[{"id":81,"href":"http:\/\/tulipanesdespreocupados.com\/index.php?rest_route=\/wp\/v2\/pages\/27\/revisions\/81"}],"wp:attachment":[{"href":"http:\/\/tulipanesdespreocupados.com\/index.php?rest_route=%2Fwp%2Fv2%2Fmedia&parent=27"}],"curies":[{"name":"wp","href":"https:\/\/api.w.org\/{rel}","templated":true}]}}